{"id":5147,"date":"2026-05-15T09:26:47","date_gmt":"2026-05-15T07:26:47","guid":{"rendered":"https:\/\/madebymary.se\/?page_id=5147"},"modified":"2026-05-15T09:27:44","modified_gmt":"2026-05-15T07:27:44","slug":"samarbeten","status":"publish","type":"page","link":"https:\/\/madebymary.se\/en\/samarbeten\/","title":{"rendered":"Samarbetspartners \u2013 Madebymary"},"content":{"rendered":"<p class=\"mbm-hero-lead\">Madebymary samarbetar med utvalda partners inom omr\u00e5den som ligger n\u00e4ra vardagsekonomi och hush\u00e5llstj\u00e4nster. H\u00e4r presenterar vi v\u00e5ra nuvarande partners och f\u00f6rklarar hur samarbetena fungerar.<\/p>\n<h2>Hur v\u00e5ra samarbeten fungerar<\/h2>\n<p>F\u00f6r att h\u00e5lla Madebymary ig\u00e5ng \u2014 dom\u00e4nnamn, hosting, tid till att skapa inneh\u00e5ll \u2014 har sajten ett f\u00e5tal samarbetspartners. Det \u00e4r inget vi g\u00f6mmer. Tv\u00e4rtom \u00e4r det viktigt f\u00f6r oss att vara \u00f6ppna om vilka samarbeten som finns och hur de fungerar.<\/p>\n<div class=\"mbm-info\">\n<strong>Det h\u00e4r inneb\u00e4r ett samarbete.<\/strong> Vi har en l\u00e4nk eller logotyp p\u00e5 v\u00e5r sajt som leder till partnerns hemsida. N\u00e4r n\u00e5gon klickar och eventuellt blir kund f\u00e5r Madebymary en mindre ers\u00e4ttning. Det kostar inget extra f\u00f6r dig som bes\u00f6kare.\n<\/div>\n<div class=\"mbm-tips\">\n<strong>Vad samarbetena INTE p\u00e5verkar.<\/strong> V\u00e5rt redaktionella inneh\u00e5ll \u00e4r fortsatt oberoende. Recepten, artiklarna och alla rekommendationer p\u00e5verkas inte av v\u00e5ra partners. Vi har sagt nej till samarbeten d\u00e4r partner velat p\u00e5verka vad vi skriver.\n<\/div>\n<h2>V\u00e5ra nuvarande partners<\/h2>\n<p>Just nu samarbetar Madebymary med f\u00f6ljande akt\u00f6rer inom personlig ekonomi:<\/p>\n<div class=\"mbm-info\">\n<h3 style=\"margin-top: 0;\">Lenders<\/h3>\n<p style=\"margin-bottom: 0.75rem;\"><a href=\"https:\/\/lenders.se\/\" rel=\"sponsored\">Lenders.se<\/a> j\u00e4mf\u00f6r olika typer av l\u00e5n \u2014 bol\u00e5n, privatl\u00e5n och f\u00f6retagsl\u00e5n \u2014 f\u00f6r att hj\u00e4lpa konsumenter hitta b\u00e4ttre villkor. Tj\u00e4nsten \u00e4r gratis f\u00f6r anv\u00e4ndaren.<\/p>\n<p style=\"margin: 0; line-height: 0;\"><a href=\"https:\/\/lenders.se\/\" rel=\"sponsored\" style=\"display: inline-block; line-height: 0;\"><img decoding=\"async\" src=\"https:\/\/madebymary.se\/wp-content\/uploads\/2023\/01\/lenders.png\" alt=\"Lenders.se logotyp\" style=\"height: 32px; width: auto; max-width: 100%; display: block;\" \/><\/a><\/p>\n<\/div>\n<div class=\"mbm-info\">\n<h3 style=\"margin-top: 0;\">Skaffa Kreditkort<\/h3>\n<p style=\"margin-bottom: 0.75rem;\"><a href=\"https:\/\/skaffakreditkort.se\/\" rel=\"sponsored\">Skaffakreditkort.se<\/a> \u00e4r en j\u00e4mf\u00f6relsetj\u00e4nst f\u00f6r kreditkort p\u00e5 den svenska marknaden. Sajten samlar information om \u00e5rsavgifter, bonusar, kreditr\u00e4ntor och f\u00f6rm\u00e5ner fr\u00e5n olika kreditkortsutgivare s\u00e5 konsumenter kan v\u00e4lja det som passar b\u00e4st.<\/p>\n<p style=\"margin: 0; line-height: 0;\"><a href=\"https:\/\/skaffakreditkort.se\/\" rel=\"sponsored\" style=\"display: inline-block; line-height: 0;\"><img decoding=\"async\" src=\"https:\/\/madebymary.se\/wp-content\/uploads\/2023\/01\/skaffa-kreditkort.png\" alt=\"Skaffa kreditkort logotyp\" style=\"height: 32px; width: auto; max-width: 100%; display: block;\" \/><\/a><\/p>\n<\/div>\n<div class=\"mbm-info\">\n<h3 style=\"margin-top: 0;\">Snabbl\u00e5n Direkt<\/h3>\n<p style=\"margin-bottom: 0.75rem;\"><a href=\"https:\/\/snabblandirekt.com\/\" rel=\"sponsored\">Snabblandirekt.com<\/a> samlar information om snabbl\u00e5n, smsl\u00e5n och korttidskrediter. Sajten inneh\u00e5ller j\u00e4mf\u00f6relser av r\u00e4ntor, avgifter och villkor f\u00f6r olika l\u00e5neprodukter med snabb hantering.<\/p>\n<p style=\"margin: 0; line-height: 0;\"><a href=\"https:\/\/snabblandirekt.com\/\" rel=\"sponsored\" style=\"display: inline-block; line-height: 0;\"><img decoding=\"async\" src=\"https:\/\/madebymary.se\/wp-content\/uploads\/2023\/01\/Snabblandirekt.png\" alt=\"Snabbl\u00e5n Direkt logotyp\" style=\"height: 32px; width: auto; max-width: 100%; display: block;\" \/><\/a><\/p>\n<\/div>\n<h2>N\u00e5got att t\u00e4nka p\u00e5<\/h2>\n<div class=\"mbm-varning\">\n<strong>L\u00e5n och krediter \u00e4r ett stort beslut.<\/strong> Att ta ett l\u00e5n eller skaffa ett kreditkort \u00e4r n\u00e5got du b\u00f6r t\u00e4nka \u00f6ver noga. Ber\u00e4kna vad det faktiskt kostar dig totalt inklusive r\u00e4ntor och avgifter, j\u00e4mf\u00f6r flera akt\u00f6rer, och l\u00e5na inte mer \u00e4n du har r\u00e5d att betala tillbaka. Vid ekonomiska problem finns kostnadsfri r\u00e5dgivning hos kommunens budget- och skuldr\u00e5dgivare \u2014 kontakta dem innan du tar nya l\u00e5n.\n<\/div>\n<p>Madebymary tar inget juridiskt ansvar f\u00f6r partnernas tj\u00e4nster. Det \u00e4r respektive partners ansvar att deras tj\u00e4nster och information \u00e4r korrekta och uppfyller lagkrav. Vid fr\u00e5gor om en specifik tj\u00e4nst, kontakta partnern direkt via deras hemsida.<\/p>\n<h2>Vill du samarbeta med oss?<\/h2>\n<p>\u00c4r du intresserad av att bli partner till Madebymary? Vi tar emot f\u00f6rfr\u00e5gningar om samarbete fr\u00e5n f\u00f6retag som passar sajtens fokus. L\u00e4s mer om hur vi t\u00e4nker kring samarbeten p\u00e5 <a href=\"\/en\/kontakta\/\">kontaktsidan<\/a> och h\u00f6r av dig via e-post.<\/p>\n<p>Vi prioriterar samarbeten med:<\/p>\n<ul class=\"mbm-ingredienser\">\n<li><strong>Akt\u00f6rer inom mat och hush\u00e5ll<\/strong> \u2014 k\u00f6ksredskap, r\u00e5varor, matkassar<\/li>\n<li><strong>Tj\u00e4nster f\u00f6r matintresserade hemma\u00e4gare<\/strong> \u2014 n\u00e5got som faktiskt passar v\u00e5ra l\u00e4sare<\/li>\n<li><strong>Etiska samarbeten<\/strong> d\u00e4r vi f\u00e5r skriva \u00e4rligt och fritt<\/li>\n<\/ul>\n<p>Vi \u00e4r inte intresserade av samarbeten som kr\u00e4ver f\u00e4rdigskrivet inneh\u00e5ll, oetiska produkter, eller d\u00e4r vi inte f\u00e5r uttala oss fritt om upplevelsen.<\/p>\n<p style=\"text-align: right; font-style: italic; color: #5a534a;\">\u2014 Mary<\/p>\n<p><script type=\"application\/ld+json\">\n{\n  \"@context\": \"https:\/\/schema.org\",\n  \"@type\": \"WebPage\",\n  \"@id\": \"https:\/\/madebymary.se\/samarbeten\/#webpage\",\n  \"url\": \"https:\/\/madebymary.se\/samarbeten\/\",\n  \"name\": \"Samarbetspartners \u2013 Madebymary\",\n  \"description\": \"Information om Madebymarys samarbetspartners inom personlig ekonomi och hush\u00e5llstj\u00e4nster.\",\n  \"inLanguage\": \"sv-SE\",\n  \"isPartOf\": {\n    \"@id\": \"https:\/\/madebymary.se\/#website\"\n  },\n  \"dateModified\": \"2026-05-15\"\n}\n<\/script><\/p>","protected":false},"excerpt":{"rendered":"<p>Madebymary samarbetar med utvalda partners inom omr\u00e5den som ligger n\u00e4ra vardagsekonomi och hush\u00e5llstj\u00e4nster. H\u00e4r presenterar vi v\u00e5ra nuvarande partners och f\u00f6rklarar hur samarbetena fungerar. Hur v\u00e5ra samarbeten fungerar F\u00f6r att h\u00e5lla Madebymary ig\u00e5ng \u2014 dom\u00e4nnamn, hosting, tid till att skapa<\/p>","protected":false},"author":1,"featured_media":0,"parent":0,"menu_order":0,"comment_status":"closed","ping_status":"closed","template":"","meta":{"_yoast_wpseo_focuskw":"","_yoast_wpseo_title":"Samarbetspartners \u2013 Madebymary","_yoast_wpseo_metadesc":"Madebymary samarbetar med utvalda partners inom personlig ekonomi och hush\u00e5llstj\u00e4nster. H\u00e4r presenterar vi v\u00e5ra nuvarande samarbetspartners.","_yoast_wpseo_meta-robots-noindex":"","_yoast_wpseo_meta-robots-nofollow":"","_yoast_wpseo_canonical":"","_yoast_wpseo_opengraph-title":"","_yoast_wpseo_opengraph-description":"","_yoast_wpseo_twitter-title":"","_yoast_wpseo_twitter-description":"","footnotes":""},"class_list":["post-5147","page","type-page","status-publish","hentry","","tg-column-two"],"yoast_head":"<!-- This site is optimized with the Yoast SEO plugin v27.6 - https:\/\/yoast.com\/product\/yoast-seo-wordpress\/ -->\n<title>Samarbetspartners \u2013 Madebymary<\/title>\n<meta name=\"description\" content=\"Madebymary samarbetar med utvalda partners inom personlig ekonomi och hush\u00e5llstj\u00e4nster. H\u00e4r presenterar vi v\u00e5ra nuvarande samarbetspartners.\" \/>\n<meta name=\"robots\" content=\"index, follow, max-snippet:-1, max-image-preview:large, max-video-preview:-1\" \/>\n<link rel=\"canonical\" href=\"https:\/\/madebymary.se\/en\/samarbeten\/\" \/>\n<meta property=\"og:locale\" content=\"en_US\" \/>\n<meta property=\"og:type\" content=\"article\" \/>\n<meta property=\"og:title\" content=\"Samarbetspartners \u2013 Madebymary\" \/>\n<meta property=\"og:description\" content=\"Madebymary samarbetar med utvalda partners inom personlig ekonomi och hush\u00e5llstj\u00e4nster. H\u00e4r presenterar vi v\u00e5ra nuvarande samarbetspartners.\" \/>\n<meta property=\"og:url\" content=\"https:\/\/madebymary.se\/en\/samarbeten\/\" \/>\n<meta property=\"og:site_name\" content=\"Made by Mary\" \/>\n<meta property=\"article:modified_time\" content=\"2026-05-15T07:27:44+00:00\" \/>\n<meta property=\"og:image\" content=\"https:\/\/madebymary.se\/wp-content\/uploads\/2023\/01\/lenders.png\" \/>\n<meta name=\"twitter:card\" content=\"summary_large_image\" \/>\n<script type=\"application\/ld+json\" class=\"yoast-schema-graph\">{\"@context\":\"https:\\\/\\\/schema.org\",\"@graph\":[{\"@type\":\"WebPage\",\"@id\":\"https:\\\/\\\/madebymary.se\\\/samarbeten\\\/\",\"url\":\"https:\\\/\\\/madebymary.se\\\/samarbeten\\\/\",\"name\":\"Samarbetspartners \u2013 Madebymary\",\"isPartOf\":{\"@id\":\"https:\\\/\\\/madebymary.se\\\/#website\"},\"primaryImageOfPage\":{\"@id\":\"https:\\\/\\\/madebymary.se\\\/samarbeten\\\/#primaryimage\"},\"image\":{\"@id\":\"https:\\\/\\\/madebymary.se\\\/samarbeten\\\/#primaryimage\"},\"thumbnailUrl\":\"https:\\\/\\\/madebymary.se\\\/wp-content\\\/uploads\\\/2023\\\/01\\\/lenders.png\",\"datePublished\":\"2026-05-15T07:26:47+00:00\",\"dateModified\":\"2026-05-15T07:27:44+00:00\",\"description\":\"Madebymary samarbetar med utvalda partners inom personlig ekonomi och hush\u00e5llstj\u00e4nster. H\u00e4r presenterar vi v\u00e5ra nuvarande samarbetspartners.\",\"breadcrumb\":{\"@id\":\"https:\\\/\\\/madebymary.se\\\/samarbeten\\\/#breadcrumb\"},\"inLanguage\":\"en-US\",\"potentialAction\":[{\"@type\":\"ReadAction\",\"target\":[\"https:\\\/\\\/madebymary.se\\\/samarbeten\\\/\"]}]},{\"@type\":\"ImageObject\",\"inLanguage\":\"en-US\",\"@id\":\"https:\\\/\\\/madebymary.se\\\/samarbeten\\\/#primaryimage\",\"url\":\"https:\\\/\\\/madebymary.se\\\/wp-content\\\/uploads\\\/2023\\\/01\\\/lenders.png\",\"contentUrl\":\"https:\\\/\\\/madebymary.se\\\/wp-content\\\/uploads\\\/2023\\\/01\\\/lenders.png\"},{\"@type\":\"BreadcrumbList\",\"@id\":\"https:\\\/\\\/madebymary.se\\\/samarbeten\\\/#breadcrumb\",\"itemListElement\":[{\"@type\":\"ListItem\",\"position\":1,\"name\":\"Hem\",\"item\":\"https:\\\/\\\/madebymary.se\\\/\"},{\"@type\":\"ListItem\",\"position\":2,\"name\":\"Samarbetspartners \u2013 Madebymary\"}]},{\"@type\":\"WebSite\",\"@id\":\"https:\\\/\\\/madebymary.se\\\/#website\",\"url\":\"https:\\\/\\\/madebymary.se\\\/\",\"name\":\"Made by Mary\",\"description\":\"Allt om mat och h\u00e4lsa\",\"publisher\":{\"@id\":\"https:\\\/\\\/madebymary.se\\\/#\\\/schema\\\/person\\\/37ec1129e976412809356a2dc5efbad7\"},\"potentialAction\":[{\"@type\":\"SearchAction\",\"target\":{\"@type\":\"EntryPoint\",\"urlTemplate\":\"https:\\\/\\\/madebymary.se\\\/?s={search_term_string}\"},\"query-input\":{\"@type\":\"PropertyValueSpecification\",\"valueRequired\":true,\"valueName\":\"search_term_string\"}}],\"inLanguage\":\"en-US\"},{\"@type\":[\"Person\",\"Organization\"],\"@id\":\"https:\\\/\\\/madebymary.se\\\/#\\\/schema\\\/person\\\/37ec1129e976412809356a2dc5efbad7\",\"name\":\"Mary\",\"image\":{\"@type\":\"ImageObject\",\"inLanguage\":\"en-US\",\"@id\":\"https:\\\/\\\/madebymary.se\\\/wp-content\\\/uploads\\\/2021\\\/05\\\/made-by-mary-logo.png\",\"url\":\"https:\\\/\\\/madebymary.se\\\/wp-content\\\/uploads\\\/2021\\\/05\\\/made-by-mary-logo.png\",\"contentUrl\":\"https:\\\/\\\/madebymary.se\\\/wp-content\\\/uploads\\\/2021\\\/05\\\/made-by-mary-logo.png\",\"width\":272,\"height\":125,\"caption\":\"Mary\"},\"logo\":{\"@id\":\"https:\\\/\\\/madebymary.se\\\/wp-content\\\/uploads\\\/2021\\\/05\\\/made-by-mary-logo.png\"},\"description\":\"Jag \u00e4r matskribent och bloggaren bakom Madebymary sedan 2012. Jag driver sajten sj\u00e4lv, testar alla recept i mitt eget k\u00f6k och delar med mig av mina favoriter inom bakning, rustika smaker och DIY fr\u00e5n k\u00f6ket.\u00a0L\u00e4s mer om mig h\u00e4r.\",\"sameAs\":[\"https:\\\/\\\/madebymary.se\"]}]}<\/script>\n<!-- \/ Yoast SEO plugin. -->","yoast_head_json":{"title":"Samarbetspartners \u2013 Madebymary","description":"Madebymary samarbetar med utvalda partners inom personlig ekonomi och hush\u00e5llstj\u00e4nster. H\u00e4r presenterar vi v\u00e5ra nuvarande samarbetspartners.","robots":{"index":"index","follow":"follow","max-snippet":"max-snippet:-1","max-image-preview":"max-image-preview:large","max-video-preview":"max-video-preview:-1"},"canonical":"https:\/\/madebymary.se\/en\/samarbeten\/","og_locale":"en_US","og_type":"article","og_title":"Samarbetspartners \u2013 Madebymary","og_description":"Madebymary samarbetar med utvalda partners inom personlig ekonomi och hush\u00e5llstj\u00e4nster. H\u00e4r presenterar vi v\u00e5ra nuvarande samarbetspartners.","og_url":"https:\/\/madebymary.se\/en\/samarbeten\/","og_site_name":"Made by Mary","article_modified_time":"2026-05-15T07:27:44+00:00","og_image":[{"url":"https:\/\/madebymary.se\/wp-content\/uploads\/2023\/01\/lenders.png","type":"","width":"","height":""}],"twitter_card":"summary_large_image","schema":{"@context":"https:\/\/schema.org","@graph":[{"@type":"WebPage","@id":"https:\/\/madebymary.se\/samarbeten\/","url":"https:\/\/madebymary.se\/samarbeten\/","name":"Samarbetspartners \u2013 Madebymary","isPartOf":{"@id":"https:\/\/madebymary.se\/#website"},"primaryImageOfPage":{"@id":"https:\/\/madebymary.se\/samarbeten\/#primaryimage"},"image":{"@id":"https:\/\/madebymary.se\/samarbeten\/#primaryimage"},"thumbnailUrl":"https:\/\/madebymary.se\/wp-content\/uploads\/2023\/01\/lenders.png","datePublished":"2026-05-15T07:26:47+00:00","dateModified":"2026-05-15T07:27:44+00:00","description":"Madebymary samarbetar med utvalda partners inom personlig ekonomi och hush\u00e5llstj\u00e4nster. H\u00e4r presenterar vi v\u00e5ra nuvarande samarbetspartners.","breadcrumb":{"@id":"https:\/\/madebymary.se\/samarbeten\/#breadcrumb"},"inLanguage":"en-US","potentialAction":[{"@type":"ReadAction","target":["https:\/\/madebymary.se\/samarbeten\/"]}]},{"@type":"ImageObject","inLanguage":"en-US","@id":"https:\/\/madebymary.se\/samarbeten\/#primaryimage","url":"https:\/\/madebymary.se\/wp-content\/uploads\/2023\/01\/lenders.png","contentUrl":"https:\/\/madebymary.se\/wp-content\/uploads\/2023\/01\/lenders.png"},{"@type":"BreadcrumbList","@id":"https:\/\/madebymary.se\/samarbeten\/#breadcrumb","itemListElement":[{"@type":"ListItem","position":1,"name":"Hem","item":"https:\/\/madebymary.se\/"},{"@type":"ListItem","position":2,"name":"Samarbetspartners \u2013 Madebymary"}]},{"@type":"WebSite","@id":"https:\/\/madebymary.se\/#website","url":"https:\/\/madebymary.se\/","name":"Made by Mary","description":"Allt om mat och h\u00e4lsa","publisher":{"@id":"https:\/\/madebymary.se\/#\/schema\/person\/37ec1129e976412809356a2dc5efbad7"},"potentialAction":[{"@type":"SearchAction","target":{"@type":"EntryPoint","urlTemplate":"https:\/\/madebymary.se\/?s={search_term_string}"},"query-input":{"@type":"PropertyValueSpecification","valueRequired":true,"valueName":"search_term_string"}}],"inLanguage":"en-US"},{"@type":["Person","Organization"],"@id":"https:\/\/madebymary.se\/#\/schema\/person\/37ec1129e976412809356a2dc5efbad7","name":"Mary","image":{"@type":"ImageObject","inLanguage":"en-US","@id":"https:\/\/madebymary.se\/wp-content\/uploads\/2021\/05\/made-by-mary-logo.png","url":"https:\/\/madebymary.se\/wp-content\/uploads\/2021\/05\/made-by-mary-logo.png","contentUrl":"https:\/\/madebymary.se\/wp-content\/uploads\/2021\/05\/made-by-mary-logo.png","width":272,"height":125,"caption":"Mary"},"logo":{"@id":"https:\/\/madebymary.se\/wp-content\/uploads\/2021\/05\/made-by-mary-logo.png"},"description":"Jag \u00e4r matskribent och bloggaren bakom Madebymary sedan 2012. Jag driver sajten sj\u00e4lv, testar alla recept i mitt eget k\u00f6k och delar med mig av mina favoriter inom bakning, rustika smaker och DIY fr\u00e5n k\u00f6ket.\u00a0L\u00e4s mer om mig h\u00e4r.","sameAs":["https:\/\/madebymary.se"]}]}},"_links":{"self":[{"href":"https:\/\/madebymary.se\/en\/wp-json\/wp\/v2\/pages\/5147","targetHints":{"allow":["GET"]}}],"collection":[{"href":"https:\/\/madebymary.se\/en\/wp-json\/wp\/v2\/pages"}],"about":[{"href":"https:\/\/madebymary.se\/en\/wp-json\/wp\/v2\/types\/page"}],"author":[{"embeddable":true,"href":"https:\/\/madebymary.se\/en\/wp-json\/wp\/v2\/users\/1"}],"replies":[{"embeddable":true,"href":"https:\/\/madebymary.se\/en\/wp-json\/wp\/v2\/comments?post=5147"}],"version-history":[{"count":2,"href":"https:\/\/madebymary.se\/en\/wp-json\/wp\/v2\/pages\/5147\/revisions"}],"predecessor-version":[{"id":5149,"href":"https:\/\/madebymary.se\/en\/wp-json\/wp\/v2\/pages\/5147\/revisions\/5149"}],"wp:attachment":[{"href":"https:\/\/madebymary.se\/en\/wp-json\/wp\/v2\/media?parent=5147"}],"curies":[{"name":"wp","href":"https:\/\/api.w.org\/{rel}","templated":true}]}}